{"id":11,"date":"2023-10-30T19:42:50","date_gmt":"2023-10-30T18:42:50","guid":{"rendered":"https:\/\/www.laspilka.cz\/?page_id=11"},"modified":"2025-09-02T20:26:10","modified_gmt":"2025-09-02T18:26:10","slug":"contact","status":"publish","type":"page","link":"https:\/\/www.laspilka.cz\/?page_id=11","title":{"rendered":"Kontakt"},"content":{"rendered":"\t\t<div data-elementor-type=\"wp-page\" data-elementor-id=\"11\" class=\"elementor elementor-11\">\n\t\t\t\t<div class=\"elementor-element elementor-element-b25a380 e-flex e-con-boxed e-con e-parent\" data-id=\"b25a380\" data-element_type=\"container\" data-e-type=\"container\">\n\t\t\t\t\t<div class=\"e-con-inner\">\n\t\t\t\t<div class=\"elementor-element elementor-element-cc6da7b elementor-widget elementor-widget-heading\" data-id=\"cc6da7b\" data-element_type=\"widget\" data-e-type=\"widget\" data-widget_type=\"heading.default\">\n\t\t\t\t<div class=\"elementor-widget-container\">\n\t\t\t\t\t<h2 class=\"elementor-heading-title elementor-size-default\">Kontakt<\/h2>\t\t\t\t<\/div>\n\t\t\t\t<\/div>\n\t\t\t\t\t<\/div>\n\t\t\t\t<\/div>\n\t\t<div class=\"elementor-element elementor-element-06592e8 e-flex e-con-boxed e-con e-parent\" data-id=\"06592e8\" data-element_type=\"container\" data-e-type=\"container\">\n\t\t\t\t\t<div class=\"e-con-inner\">\n\t\t\t\t<div class=\"elementor-element elementor-element-c55c0c5 elementor-widget elementor-widget-text-editor\" data-id=\"c55c0c5\" data-element_type=\"widget\" data-e-type=\"widget\" data-widget_type=\"text-editor.default\">\n\t\t\t\t<div class=\"elementor-widget-container\">\n\t\t\t\t\t\t\t\t\t<p><strong>Mana\u017eer Pepe Nov\u00e1k<br \/><\/strong>+420 774 241 172<br \/><a href=\"mailto:pepe72.lsp@gmail.com\">pepe72.lsp@gmail.com<\/a><\/p><p><strong>Ludmila Spilka Kramatta<br \/><\/strong>+420 608 705 411<br \/><a href=\"mailto:linda.kramatova@centrum.cz\">linda.kramatova@centrum.cz<\/a><\/p><p><strong>Jan B\u00e1rta<\/strong><br \/>+420 723 781 238<br \/><a href=\"mailto:jan.bartacz@gmail.com\">jan.bartacz@gmail.com<\/a><\/p>\t\t\t\t\t\t\t\t<\/div>\n\t\t\t\t<\/div>\n\t\t\t\t\t<\/div>\n\t\t\t\t<\/div>\n\t\t\t\t<\/div>\n\t\t","protected":false},"excerpt":{"rendered":"<p>Kontakt Mana\u017eer Pepe Nov\u00e1k+420 774 241 172pepe72.lsp@gmail.com Ludmila Spilka Kramatta+420 608 705 411linda.kramatova@centrum.cz Jan B\u00e1rta+420 723 781 238jan.bartacz@gmail.com<\/p>\n","protected":false},"author":1,"featured_media":0,"parent":0,"menu_order":0,"comment_status":"closed","ping_status":"closed","template":"","meta":{"neve_meta_sidebar":"","neve_meta_container":"","neve_meta_enable_content_width":"on","neve_meta_content_width":100,"neve_meta_title_alignment":"","neve_meta_author_avatar":"","neve_post_elements_order":"","neve_meta_disable_header":"","neve_meta_disable_footer":"","neve_meta_disable_title":"on","ngg_post_thumbnail":0,"footnotes":""},"class_list":["post-11","page","type-page","status-publish","hentry"],"_links":{"self":[{"href":"https:\/\/www.laspilka.cz\/index.php?rest_route=\/wp\/v2\/pages\/11","targetHints":{"allow":["GET"]}}],"collection":[{"href":"https:\/\/www.laspilka.cz\/index.php?rest_route=\/wp\/v2\/pages"}],"about":[{"href":"https:\/\/www.laspilka.cz\/index.php?rest_route=\/wp\/v2\/types\/page"}],"author":[{"embeddable":true,"href":"https:\/\/www.laspilka.cz\/index.php?rest_route=\/wp\/v2\/users\/1"}],"replies":[{"embeddable":true,"href":"https:\/\/www.laspilka.cz\/index.php?rest_route=%2Fwp%2Fv2%2Fcomments&post=11"}],"version-history":[{"count":43,"href":"https:\/\/www.laspilka.cz\/index.php?rest_route=\/wp\/v2\/pages\/11\/revisions"}],"predecessor-version":[{"id":1058,"href":"https:\/\/www.laspilka.cz\/index.php?rest_route=\/wp\/v2\/pages\/11\/revisions\/1058"}],"wp:attachment":[{"href":"https:\/\/www.laspilka.cz\/index.php?rest_route=%2Fwp%2Fv2%2Fmedia&parent=11"}],"curies":[{"name":"wp","href":"https:\/\/api.w.org\/{rel}","templated":true}]}}