{"id":49,"date":"2023-10-30T20:13:54","date_gmt":"2023-10-30T19:13:54","guid":{"rendered":"https:\/\/www.laspilka.cz\/?page_id=49"},"modified":"2024-10-18T21:53:45","modified_gmt":"2024-10-18T19:53:45","slug":"fotogalerie","status":"publish","type":"page","link":"https:\/\/www.laspilka.cz\/?page_id=49","title":{"rendered":"Fotogalerie"},"content":{"rendered":"\t\t<div data-elementor-type=\"wp-page\" data-elementor-id=\"49\" class=\"elementor elementor-49\">\n\t\t\t\t<div class=\"elementor-element elementor-element-62dbafa e-flex e-con-boxed e-con e-parent\" data-id=\"62dbafa\" data-element_type=\"container\" data-e-type=\"container\">\n\t\t\t\t\t<div class=\"e-con-inner\">\n\t\t\t\t<div class=\"elementor-element elementor-element-45dcc63 elementor-widget elementor-widget-heading\" data-id=\"45dcc63\" data-element_type=\"widget\" data-e-type=\"widget\" data-widget_type=\"heading.default\">\n\t\t\t\t<div class=\"elementor-widget-container\">\n\t\t\t\t\t<h2 class=\"elementor-heading-title elementor-size-default\">Foto<\/h2>\t\t\t\t<\/div>\n\t\t\t\t<\/div>\n\t\t\t\t\t<\/div>\n\t\t\t\t<\/div>\n\t\t<div class=\"elementor-element elementor-element-260f043 e-flex e-con-boxed e-con e-parent\" data-id=\"260f043\" data-element_type=\"container\" data-e-type=\"container\">\n\t\t\t\t\t<div class=\"e-con-inner\">\n\t\t<div class=\"elementor-element elementor-element-c830db1 e-con-full e-flex e-con e-child\" data-id=\"c830db1\" data-element_type=\"container\" data-e-type=\"container\">\n\t\t\t\t<div class=\"elementor-element elementor-element-af83b7e elementor-widget elementor-widget-text-editor\" data-id=\"af83b7e\" data-element_type=\"widget\" data-e-type=\"widget\" data-widget_type=\"text-editor.default\">\n\t\t\t\t<div class=\"elementor-widget-container\">\n\t\t\t\t\t\t\t\t\t<p><strong>\u010carod\u011bjnice 2023<\/strong><\/p><p>unplugged koncert ve \u0161kolce \u010cty\u0159l\u00edstek<\/p>\t\t\t\t\t\t\t\t<\/div>\n\t\t\t\t<\/div>\n\t\t\t\t<div class=\"elementor-element elementor-element-e6f1530 elementor-widget__width-initial elementor-widget elementor-widget-shortcode\" data-id=\"e6f1530\" data-element_type=\"widget\" data-e-type=\"widget\" data-widget_type=\"shortcode.default\">\n\t\t\t\t<div class=\"elementor-widget-container\">\n\t\t\t\t\t\t\t<div class=\"elementor-shortcode\">ngg_shortcode_0_placeholder<\/div>\n\t\t\t\t\t\t<\/div>\n\t\t\t\t<\/div>\n\t\t\t\t<\/div>\n\t\t<div class=\"elementor-element elementor-element-41d0c95 e-con-full e-flex e-con e-child\" data-id=\"41d0c95\" data-element_type=\"container\" data-e-type=\"container\">\n\t\t\t\t<div class=\"elementor-element elementor-element-d04b334 elementor-widget elementor-widget-text-editor\" data-id=\"d04b334\" data-element_type=\"widget\" data-e-type=\"widget\" data-widget_type=\"text-editor.default\">\n\t\t\t\t<div class=\"elementor-widget-container\">\n\t\t\t\t\t\t\t\t\t<p><strong>Modr\u00e1 vopice 2022<\/strong><\/p><p>prvn\u00ed koncert po znovuzrozen\u00ed kapely LaSpilka<\/p>\t\t\t\t\t\t\t\t<\/div>\n\t\t\t\t<\/div>\n\t\t\t\t<div class=\"elementor-element elementor-element-9c0b842 elementor-widget__width-initial elementor-widget elementor-widget-shortcode\" data-id=\"9c0b842\" data-element_type=\"widget\" data-e-type=\"widget\" data-widget_type=\"shortcode.default\">\n\t\t\t\t<div class=\"elementor-widget-container\">\n\t\t\t\t\t\t\t<div class=\"elementor-shortcode\">ngg_shortcode_1_placeholder<\/div>\n\t\t\t\t\t\t<\/div>\n\t\t\t\t<\/div>\n\t\t\t\t<\/div>\n\t\t<div class=\"elementor-element elementor-element-2f231a9 e-con-full e-flex e-con e-child\" data-id=\"2f231a9\" data-element_type=\"container\" data-e-type=\"container\">\n\t\t\t\t<div class=\"elementor-element elementor-element-7519359 elementor-widget elementor-widget-text-editor\" data-id=\"7519359\" data-element_type=\"widget\" data-e-type=\"widget\" data-widget_type=\"text-editor.default\">\n\t\t\t\t<div class=\"elementor-widget-container\">\n\t\t\t\t\t\t\t\t\t<p><strong>Indian MOTO<\/strong><\/p><p>Koncert pro motork\u00e1\u0159e k otev\u0159en\u00ed nov\u00e9 pobo\u010dky &#8222;indian&#8220; v Praze.<\/p>\t\t\t\t\t\t\t\t<\/div>\n\t\t\t\t<\/div>\n\t\t\t\t<div class=\"elementor-element elementor-element-9a4cbd0 elementor-widget__width-initial elementor-widget elementor-widget-shortcode\" data-id=\"9a4cbd0\" data-element_type=\"widget\" data-e-type=\"widget\" data-widget_type=\"shortcode.default\">\n\t\t\t\t<div class=\"elementor-widget-container\">\n\t\t\t\t\t\t\t<div class=\"elementor-shortcode\">ngg_shortcode_2_placeholder<\/div>\n\t\t\t\t\t\t<\/div>\n\t\t\t\t<\/div>\n\t\t\t\t<\/div>\n\t\t<div class=\"elementor-element elementor-element-d4ace4a e-con-full e-flex e-con e-child\" data-id=\"d4ace4a\" data-element_type=\"container\" data-e-type=\"container\">\n\t\t\t\t<div class=\"elementor-element elementor-element-5e8b8ae elementor-widget elementor-widget-text-editor\" data-id=\"5e8b8ae\" data-element_type=\"widget\" data-e-type=\"widget\" data-widget_type=\"text-editor.default\">\n\t\t\t\t<div class=\"elementor-widget-container\">\n\t\t\t\t\t\t\t\t\t<p><strong>Promo FOTO 2024<\/strong><\/p><p>aktu\u00e1ln\u00ed fotky, kter\u00e9 jsme po\u0159\u00eddili p\u0159i nat\u00e1\u010den\u00ed videoklipu\u00a0<\/p>\t\t\t\t\t\t\t\t<\/div>\n\t\t\t\t<\/div>\n\t\t\t\t<div class=\"elementor-element elementor-element-f425c4f elementor-widget__width-initial elementor-widget elementor-widget-shortcode\" data-id=\"f425c4f\" data-element_type=\"widget\" data-e-type=\"widget\" data-widget_type=\"shortcode.default\">\n\t\t\t\t<div class=\"elementor-widget-container\">\n\t\t\t\t\t\t\t<div class=\"elementor-shortcode\">ngg_shortcode_3_placeholder<\/div>\n\t\t\t\t\t\t<\/div>\n\t\t\t\t<\/div>\n\t\t\t\t<\/div>\n\t\t<div class=\"elementor-element elementor-element-c4ed4dd e-con-full e-flex e-con e-child\" data-id=\"c4ed4dd\" data-element_type=\"container\" data-e-type=\"container\">\n\t\t\t\t<div class=\"elementor-element elementor-element-b5d339e elementor-widget elementor-widget-text-editor\" data-id=\"b5d339e\" data-element_type=\"widget\" data-e-type=\"widget\" data-widget_type=\"text-editor.default\">\n\t\t\t\t<div class=\"elementor-widget-container\">\n\t\t\t\t\t\t\t\t\t<p><strong>KONCERT NA SEVERU 2024<\/strong><\/p><p>p\u00e1r fotek s nov\u00fdm buben\u00ed\u010dkem Alanem!!!!<\/p>\t\t\t\t\t\t\t\t<\/div>\n\t\t\t\t<\/div>\n\t\t\t\t<div class=\"elementor-element elementor-element-041908e elementor-widget__width-initial elementor-widget elementor-widget-shortcode\" data-id=\"041908e\" data-element_type=\"widget\" data-e-type=\"widget\" data-widget_type=\"shortcode.default\">\n\t\t\t\t<div class=\"elementor-widget-container\">\n\t\t\t\t\t\t\t<div class=\"elementor-shortcode\">ngg_shortcode_4_placeholder<\/div>\n\t\t\t\t\t\t<\/div>\n\t\t\t\t<\/div>\n\t\t\t\t<\/div>\n\t\t<div class=\"elementor-element elementor-element-429f8e6 e-con-full e-flex e-con e-child\" data-id=\"429f8e6\" data-element_type=\"container\" data-e-type=\"container\">\n\t\t\t\t<\/div>\n\t\t\t\t\t<\/div>\n\t\t\t\t<\/div>\n\t\t<div class=\"elementor-element elementor-element-f5e5e73 e-flex e-con-boxed e-con e-parent\" data-id=\"f5e5e73\" data-element_type=\"container\" data-e-type=\"container\">\n\t\t\t\t\t<div class=\"e-con-inner\">\n\t\t\t\t\t<\/div>\n\t\t\t\t<\/div>\n\t\t\t\t<\/div>\n\t\t","protected":false},"excerpt":{"rendered":"<p>Foto \u010carod\u011bjnice 2023 unplugged koncert ve \u0161kolce \u010cty\u0159l\u00edstek Modr\u00e1 vopice 2022 prvn\u00ed koncert po znovuzrozen\u00ed kapely LaSpilka Indian MOTO Koncert pro motork\u00e1\u0159e k otev\u0159en\u00ed nov\u00e9 pobo\u010dky &#8222;indian&#8220; v Praze. Promo FOTO 2024 aktu\u00e1ln\u00ed fotky, kter\u00e9 jsme po\u0159\u00eddili p\u0159i nat\u00e1\u010den\u00ed videoklipu\u00a0 KONCERT NA SEVERU 2024 p\u00e1r fotek s nov\u00fdm buben\u00ed\u010dkem Alanem!!!!<\/p>\n","protected":false},"author":1,"featured_media":0,"parent":0,"menu_order":0,"comment_status":"closed","ping_status":"closed","template":"page-templates\/template-pagebuilder-full-width.php","meta":{"neve_meta_sidebar":"","neve_meta_container":"","neve_meta_enable_content_width":"","neve_meta_content_width":0,"neve_meta_title_alignment":"","neve_meta_author_avatar":"","neve_post_elements_order":"","neve_meta_disable_header":"","neve_meta_disable_footer":"","neve_meta_disable_title":"","ngg_post_thumbnail":0,"footnotes":""},"class_list":["post-49","page","type-page","status-publish","hentry"],"_links":{"self":[{"href":"https:\/\/www.laspilka.cz\/index.php?rest_route=\/wp\/v2\/pages\/49","targetHints":{"allow":["GET"]}}],"collection":[{"href":"https:\/\/www.laspilka.cz\/index.php?rest_route=\/wp\/v2\/pages"}],"about":[{"href":"https:\/\/www.laspilka.cz\/index.php?rest_route=\/wp\/v2\/types\/page"}],"author":[{"embeddable":true,"href":"https:\/\/www.laspilka.cz\/index.php?rest_route=\/wp\/v2\/users\/1"}],"replies":[{"embeddable":true,"href":"https:\/\/www.laspilka.cz\/index.php?rest_route=%2Fwp%2Fv2%2Fcomments&post=49"}],"version-history":[{"count":46,"href":"https:\/\/www.laspilka.cz\/index.php?rest_route=\/wp\/v2\/pages\/49\/revisions"}],"predecessor-version":[{"id":1008,"href":"https:\/\/www.laspilka.cz\/index.php?rest_route=\/wp\/v2\/pages\/49\/revisions\/1008"}],"wp:attachment":[{"href":"https:\/\/www.laspilka.cz\/index.php?rest_route=%2Fwp%2Fv2%2Fmedia&parent=49"}],"curies":[{"name":"wp","href":"https:\/\/api.w.org\/{rel}","templated":true}]}}