{"id":54,"date":"2023-10-30T20:18:13","date_gmt":"2023-10-30T19:18:13","guid":{"rendered":"https:\/\/www.laspilka.cz\/?page_id=54"},"modified":"2026-01-23T11:54:32","modified_gmt":"2026-01-23T10:54:32","slug":"o-kapele","status":"publish","type":"page","link":"https:\/\/www.laspilka.cz\/?page_id=54","title":{"rendered":"O kapele"},"content":{"rendered":"\t\t<div data-elementor-type=\"wp-page\" data-elementor-id=\"54\" class=\"elementor elementor-54\">\n\t\t\t\t<div class=\"elementor-element elementor-element-f558138 e-flex e-con-boxed e-con e-parent\" data-id=\"f558138\" data-element_type=\"container\" data-e-type=\"container\">\n\t\t\t\t\t<div class=\"e-con-inner\">\n\t\t\t\t<div class=\"elementor-element elementor-element-8fbb961 elementor-widget elementor-widget-heading\" data-id=\"8fbb961\" data-element_type=\"widget\" data-e-type=\"widget\" data-widget_type=\"heading.default\">\n\t\t\t\t<div class=\"elementor-widget-container\">\n\t\t\t\t\t<h2 class=\"elementor-heading-title elementor-size-default\">O kapele<\/h2>\t\t\t\t<\/div>\n\t\t\t\t<\/div>\n\t\t\t\t\t<\/div>\n\t\t\t\t<\/div>\n\t\t<div class=\"elementor-element elementor-element-b10e2ca e-flex e-con-boxed e-con e-parent\" data-id=\"b10e2ca\" data-element_type=\"container\" data-e-type=\"container\">\n\t\t\t\t\t<div class=\"e-con-inner\">\n\t\t<div class=\"elementor-element elementor-element-6f90087 e-con-full e-flex e-con e-child\" data-id=\"6f90087\" data-element_type=\"container\" data-e-type=\"container\">\n\t\t\t\t<div class=\"elementor-element elementor-element-e17b666 elementor-widget elementor-widget-image\" data-id=\"e17b666\" data-element_type=\"widget\" data-e-type=\"widget\" data-widget_type=\"image.default\">\n\t\t\t\t<div class=\"elementor-widget-container\">\n\t\t\t\t\t\t\t\t\t\t\t\t\t\t\t<img decoding=\"async\" width=\"150\" height=\"150\" src=\"https:\/\/www.laspilka.cz\/wp-content\/uploads\/2024\/10\/P1160022-e1729280122161-150x150.jpg\" class=\"attachment-thumbnail size-thumbnail wp-image-928\" alt=\"\" \/>\t\t\t\t\t\t\t\t\t\t\t\t\t\t\t<\/div>\n\t\t\t\t<\/div>\n\t\t\t\t<div class=\"elementor-element elementor-element-faa96e5 elementor-widget elementor-widget-text-editor\" data-id=\"faa96e5\" data-element_type=\"widget\" data-e-type=\"widget\" data-widget_type=\"text-editor.default\">\n\t\t\t\t<div class=\"elementor-widget-container\">\n\t\t\t\t\t\t\t\t\t<p style=\"text-align: center;\"><span style=\"color: #ffffff;\">L\u00e1\u010fa Spilka &#8211; zp\u011bv<\/span><\/p>\t\t\t\t\t\t\t\t<\/div>\n\t\t\t\t<\/div>\n\t\t\t\t<\/div>\n\t\t<div class=\"elementor-element elementor-element-dccd000 e-con-full e-flex e-con e-child\" data-id=\"dccd000\" data-element_type=\"container\" data-e-type=\"container\">\n\t\t\t\t<div class=\"elementor-element elementor-element-a54e12e elementor-widget elementor-widget-image\" data-id=\"a54e12e\" data-element_type=\"widget\" data-e-type=\"widget\" data-widget_type=\"image.default\">\n\t\t\t\t<div class=\"elementor-widget-container\">\n\t\t\t\t\t\t\t\t\t\t\t\t\t\t\t<img decoding=\"async\" width=\"150\" height=\"150\" src=\"https:\/\/www.laspilka.cz\/wp-content\/uploads\/2024\/10\/P1159958-e1729280041695-150x150.jpg\" class=\"attachment-thumbnail size-thumbnail wp-image-917\" alt=\"\" srcset=\"https:\/\/www.laspilka.cz\/wp-content\/uploads\/2024\/10\/P1159958-e1729280041695-150x150.jpg 150w, https:\/\/www.laspilka.cz\/wp-content\/uploads\/2024\/10\/P1159958-e1729280041695-300x300.jpg 300w, https:\/\/www.laspilka.cz\/wp-content\/uploads\/2024\/10\/P1159958-e1729280041695-768x768.jpg 768w, https:\/\/www.laspilka.cz\/wp-content\/uploads\/2024\/10\/P1159958-e1729280041695.jpg 800w\" sizes=\"(max-width: 150px) 100vw, 150px\" \/>\t\t\t\t\t\t\t\t\t\t\t\t\t\t\t<\/div>\n\t\t\t\t<\/div>\n\t\t\t\t<div class=\"elementor-element elementor-element-397408b elementor-widget elementor-widget-text-editor\" data-id=\"397408b\" data-element_type=\"widget\" data-e-type=\"widget\" data-widget_type=\"text-editor.default\">\n\t\t\t\t<div class=\"elementor-widget-container\">\n\t\t\t\t\t\t\t\t\t<p style=\"text-align: center;\"><span style=\"color: #ffffff;\">Jan B\u00e1rta &#8222;B\u00e1r\u0165os69&#8220; &#8211; kytary, vok\u00e1ly<\/span><\/p>\t\t\t\t\t\t\t\t<\/div>\n\t\t\t\t<\/div>\n\t\t\t\t<\/div>\n\t\t<div class=\"elementor-element elementor-element-dd0054d e-con-full e-flex e-con e-child\" data-id=\"dd0054d\" data-element_type=\"container\" data-e-type=\"container\">\n\t\t\t\t<div class=\"elementor-element elementor-element-fa97fc5 elementor-widget elementor-widget-image\" data-id=\"fa97fc5\" data-element_type=\"widget\" data-e-type=\"widget\" data-widget_type=\"image.default\">\n\t\t\t\t<div class=\"elementor-widget-container\">\n\t\t\t\t\t\t\t\t\t\t\t\t\t\t\t<img decoding=\"async\" width=\"150\" height=\"150\" src=\"https:\/\/www.laspilka.cz\/wp-content\/uploads\/2026\/01\/Jenny-Joey-150x150.jpg\" class=\"attachment-thumbnail size-thumbnail wp-image-1074\" alt=\"\" srcset=\"https:\/\/www.laspilka.cz\/wp-content\/uploads\/2026\/01\/Jenny-Joey-150x150.jpg 150w, https:\/\/www.laspilka.cz\/wp-content\/uploads\/2026\/01\/Jenny-Joey-300x300.jpg 300w, https:\/\/www.laspilka.cz\/wp-content\/uploads\/2026\/01\/Jenny-Joey-1024x1024.jpg 1024w, https:\/\/www.laspilka.cz\/wp-content\/uploads\/2026\/01\/Jenny-Joey-768x768.jpg 768w, https:\/\/www.laspilka.cz\/wp-content\/uploads\/2026\/01\/Jenny-Joey.jpg 1440w\" sizes=\"(max-width: 150px) 100vw, 150px\" \/>\t\t\t\t\t\t\t\t\t\t\t\t\t\t\t<\/div>\n\t\t\t\t<\/div>\n\t\t\t\t<div class=\"elementor-element elementor-element-13f0d8f elementor-widget elementor-widget-text-editor\" data-id=\"13f0d8f\" data-element_type=\"widget\" data-e-type=\"widget\" data-widget_type=\"text-editor.default\">\n\t\t\t\t<div class=\"elementor-widget-container\">\n\t\t\t\t\t\t\t\t\t<p style=\"text-align: center;\"><span style=\"color: #ffffff;\">Jenny Joey &#8211; bic\u00ed<\/span><span style=\"text-align: var(--text-align); background-color: var(--nv-site-bg);\"><span style=\"color: #ffffff;\">\u00a0<\/span><\/span><\/p>\t\t\t\t\t\t\t\t<\/div>\n\t\t\t\t<\/div>\n\t\t\t\t<\/div>\n\t\t<div class=\"elementor-element elementor-element-285f125 e-con-full e-flex e-con e-child\" data-id=\"285f125\" data-element_type=\"container\" data-e-type=\"container\">\n\t\t\t\t<div class=\"elementor-element elementor-element-67bc29e elementor-widget elementor-widget-image\" data-id=\"67bc29e\" data-element_type=\"widget\" data-e-type=\"widget\" data-widget_type=\"image.default\">\n\t\t\t\t<div class=\"elementor-widget-container\">\n\t\t\t\t\t\t\t\t\t\t\t\t\t\t\t<img loading=\"lazy\" decoding=\"async\" width=\"150\" height=\"150\" src=\"https:\/\/www.laspilka.cz\/wp-content\/uploads\/2024\/10\/P1159969-e1729280160754-150x150.jpg\" class=\"attachment-thumbnail size-thumbnail wp-image-919\" alt=\"\" \/>\t\t\t\t\t\t\t\t\t\t\t\t\t\t\t<\/div>\n\t\t\t\t<\/div>\n\t\t\t\t<div class=\"elementor-element elementor-element-75d6890 elementor-widget elementor-widget-text-editor\" data-id=\"75d6890\" data-element_type=\"widget\" data-e-type=\"widget\" data-widget_type=\"text-editor.default\">\n\t\t\t\t<div class=\"elementor-widget-container\">\n\t\t\t\t\t\t\t\t\t<p style=\"text-align: center;\"><span style=\"color: #ffffff;\">Tom\u00e1\u0161 Kodytek &#8211; baskytara, vok\u00e1ly<\/span><\/p>\t\t\t\t\t\t\t\t<\/div>\n\t\t\t\t<\/div>\n\t\t\t\t<\/div>\n\t\t\t\t\t<\/div>\n\t\t\t\t<\/div>\n\t\t<div class=\"elementor-element elementor-element-82faa76 e-flex e-con-boxed e-con e-parent\" data-id=\"82faa76\" data-element_type=\"container\" data-e-type=\"container\">\n\t\t\t\t\t<div class=\"e-con-inner\">\n\t\t\t\t<div class=\"elementor-element elementor-element-e6d41ac elementor-widget elementor-widget-text-editor\" data-id=\"e6d41ac\" data-element_type=\"widget\" data-e-type=\"widget\" data-widget_type=\"text-editor.default\">\n\t\t\t\t<div class=\"elementor-widget-container\">\n\t\t\t\t\t\t\t\t\t<p><strong>Kapela LaSpilka<\/strong><\/p><p>\u00a0\u00a0\u00a0\u00a0\u00a0\u00a0\u00a0\u00a0\u00a0\u00a0\u00a0\u00a0\u00a0\u00a0 Prvotn\u00ed n\u00e1pad vzniku kapely \u201eLaSpilka\u201c u\u010dinil tehdej\u0161\u00ed za\u010d\u00ednaj\u00edc\u00ed muzik\u00e1lov\u00fd zp\u011bv\u00e1k L\u00e1\u010fa Spilka n\u011bkdy na ja\u0159e roku 2007. Cht\u011bl si ud\u011blat s\u00f3lov\u00e9 album s\u00a0jeho ojedin\u011bl\u00fdm chraplav\u00fdm hlasem. Tehdy se jeho \u00famyslu chytili muzikanti Radim Van\u011bk a Martin Vol\u00e1k. Vytvo\u0159ili se p\u00edsn\u011b, kter\u00e9 se pot\u00e9 nahr\u00e1ly ve studiu Hostiva\u0159 u Standy Barocha. Kapela m\u011bla n\u011bkolik vystoupen\u00ed a jak u\u017e to v\u00a0hudebn\u00ed bran\u017ei b\u00fdv\u00e1 po, po ur\u010dit\u00fdch neshod\u00e1ch album nikdy ofici\u00e1ln\u011b nevy\u0161lo.<\/p><p>\u00a0\u00a0\u00a0\u00a0\u00a0\u00a0\u00a0\u00a0\u00a0\u00a0\u00a0\u00a0\u00a0\u00a0 V\u00a0roce 2010 dostala LaSpilka novou krev a za\u010dalo se za spolupr\u00e1ce s\u00a0Honzou Z\u00e1zv\u016frkem a kytaristou Honzou B\u00e1rtou pracovat na nov\u00fdch p\u00edsn\u00edch. V\u0161e se odehr\u00e1valo ve studiu u Zazyho. P\u00edsn\u011b se zformovaly do debutov\u00e9ho alba \u201eZa co\u201c a kapela nastartovala svoj\u00ed koncertn\u00ed kari\u00e9ru. LaSpilka odjela spousty koncert\u016f a festival\u016f po cel\u00e9 \u010cesk\u00e9 republice. V\u00a0t\u00e9to dob\u011b vznikli zlomov\u00e9 p\u00edsn\u011b jako je nap\u0159\u00edklad \u201eDu\u0161e\u201c, \u201eAnd\u011bl\u00e9\u201c a mnoho dal\u0161\u00edch\u2026<\/p><p>\u00a0\u00a0\u00a0\u00a0\u00a0\u00a0\u00a0\u00a0\u00a0\u00a0\u00a0\u00a0\u00a0\u00a0 Zlomov\u00fdm rokem pro kapelu byl rok 2013, kdy vedle kapely LaSpilka m\u011bli L\u00e1\u010fa Spilka a Honza B\u00e1rta je\u0161t\u011b kapelu SKiFF. L\u00e1ska k\u00a0tvrd\u0161\u00ed muzice se nakonec p\u0159iklonila ke kapela SKiFF a LaSpilka se nechala chv\u00edli sp\u00e1t, ikdy\u017e n\u011bkter\u00e9 p\u00edsn\u011b zazn\u011bli i ve SKiFFu. S\u00a0Kapelou SKiFF se nakonec jelo v\u00a0roce 2014 do studia Hacienda k\u00a0Milo\u0161ovi Dodo Dole\u017ealovi, kdy vzniklo album \u201eNarvat zlo pod zem\u201c a v\u00a0roce 2015 dal\u0161\u00ed album \u201eKos\u00edme pravdu\u201c. Kapela SKiFF za\u017e\u00edvala svoje nejlep\u0161\u00ed roky, ale i p\u0159es \u00fasp\u011bch na \u010desk\u00e9 sc\u00e9n\u011b ukon\u010dila svoj\u00ed \u010dinnost v\u00a0roce 2016, kde se dv\u011b hlavn\u00ed tv\u00e1\u0159e L\u00e1\u010fa Spilka a Honza B\u00e1rta nepohodli a skon\u010dila jejich hudebn\u00ed a i \u017eivotn\u00ed spolupr\u00e1ce. Oba dva se pak v\u011bnovali jin\u00fdm hudebn\u00edm projekt\u016fm (L\u00e1\u010fa Spilka \u2013 metalov\u00e9 kapele Rimortis, Honza B\u00e1rta \u2013 punkrockov\u00e9 kapele DUTYFREE a PAJGEN).<\/p><p>\u00a0\u00a0\u00a0\u00a0\u00a0\u00a0\u00a0\u00a0\u00a0\u00a0\u00a0\u00a0\u00a0\u00a0 V\u00a0roce 2018 usiloval L\u00e1\u010fa o n\u00e1vrat kapely LaSpilka, kter\u00e1 jenom spala a nikdy se ofici\u00e1ln\u011b nerozpadla. Vzal k\u00a0sob\u011b kytaristu a za\u010dali hr\u00e1t p\u00edsn\u011b LaSpilky a postupn\u011b se vraceli na hudebn\u00ed sc\u00e9nu. L\u00e1\u010fa napsal i n\u011bkolik s\u00f3lov\u00fdch p\u00edsni jako jsou nap\u0159\u00edklad. \u201eV Bou\u0159i hromobit\u00ed\u201c\u2026.a vr\u00e1til se i k\u00a0muzik\u00e1lov\u00e9 \u010dinnosti. Postupn\u011b o\u017eivil v\u0161echny skoro v\u0161echny p\u00edsn\u011b LaSpilky a cht\u011bl zformovat kapelu, tak jak tomu bylo d\u0159\u00edv. Bohu\u017eel k\u00a0tomu nem\u011bl ty spr\u00e1vn\u00e9 lidi.<\/p><p>\u00a0\u00a0\u00a0\u00a0\u00a0\u00a0\u00a0\u00a0\u00a0\u00a0\u00a0\u00a0\u00a0\u00a0 Velk\u00fd comeback LaSpilky nastal a\u017e v\u00a0roce 2021, kdy se se\u0161el L\u00e1\u010fa Spilka s Honza B\u00e1rtou a domluvili se na tom, \u017ee to spolu je\u0161t\u011b zkus\u00ed. Jejich hudebn\u00ed spolupr\u00e1ce zapadla do star\u00fdch kolej\u00ed a jenom pro dobro v\u011bci. Vybaven\u00e1 zku\u0161ebna a staro-nov\u00fd buben\u00edk Honza Socha (kter\u00fd st\u00e1l jak u zrodu spole\u010dn\u00e9 kapely SKiFF tak i na za\u010d\u00e1tc\u00edch kapely LaSpilka), p\u0159isp\u011bli k\u00a0rychl\u00e9mu n\u00e1vratu kapely LaSpilka na hudebn\u00ed sc\u00e9nu. V\u00a0tomto roce z\u00edskala kapela i posilu do \u0159ady basov\u00fdch strun v\u00a0podob\u011b Tom\u00e1\u0161e Kodyteka (\u017e\u00e1k Honzy B\u00e1rty v\u00a0ZU\u0160). V kompletn\u00ed sestav\u011b kapela nato\u010dila v\u00a0srpnu 2021 k\u00a0p\u00edsni \u201eM\u00e1vej\u201c hudebn\u00ed klip v\u00a0pod\u011bbradsk\u00e9m motork\u00e1\u0159sk\u00e9m klubu MTC a v\u00a0prosinci t\u00e9ho\u017e roku zahr\u00e1la v\u00a0aktu\u00e1ln\u00ed sestav\u011b v\u00a0pra\u017esk\u00e9m klubu Modr\u00e1 Vopice. Aktu\u00e1ln\u011b kapela pracuje na nov\u00fdch p\u00edsn\u00ed a p\u0159ipravuje se na sez\u00f3nu 2022, kter\u00e1 bude pod heslem: \u201c\u2026.od muzik\u00e1lu a\u017e k\u00a0punku\u2026\u201c. D\u00edky nov\u00fdm aran\u017e\u00edm n\u011bkter\u00fdch star\u0161\u00edch p\u00edsn\u00ed a rozmanitost\u00ed p\u00edsn\u00ed nov\u00fdch se kapela m\u016f\u017ee za\u0159adit do hudebn\u00edho \u017e\u00e1nru \u201ecrossover\u201c\u2026.<\/p><p>\u00a0 \u00a0 \u00a0 \u00a0 \u00a0 \u00a0 \u00a0 Rok 2023 byl t\u00e9\u017e zlomov\u00fd pro kapelu LaSpilka. Po \u0161k\u00e1le koncert\u016f a tvo\u0159ivosti, se kapela rozhodla nato\u010dit nov\u00e9 album s n\u00e1zvem &#8222;zvelesela&#8220;. V l\u00e9t\u011b kapela album nato\u010dila ve spolupr\u00e1ci z TdB Production. Po zral\u00fdch \u00favah\u00e1ch album vy\u0161lo v elektronick\u00e9 podob\u011b na Spotify a youtube. CD nosi\u010d je u\u017e zastaral\u00fd a tak je album k dispozici na flash disku, kter\u00fd se d\u00e1 koupit na koncertech a nebo na e-shopu. Bod zlomu tak\u00e9 nastal ve chv\u00edli, kdy se buben\u00edk Honza Socha (Soch\u00e1\u010d) rozhodnul z kapely odej\u00edt. Jeho m\u00edsto nahradil tak\u00e9 Honza, ale tentokr\u00e1t Vi\u0161varda ze sp\u0159\u00e1telen\u00e9 kapely TnS. Kapela koncertuje a pl\u00e1nuje nov\u00e9 projekty. S Nov\u00fdm buben\u00edkem vznik\u00e1 postupn\u011b i nov\u00fd reperto\u00e1r a nov\u00e9 projekty \ud83d\ude42\u00a0<\/p><p>\u00a0 \u00a0 \u00a0 \u00a0 \u00a0 \u00a0 \u00a0 Rok 2024\u00a0<\/p><p>V tomto roce se chyst\u00e1 n\u011bkolik projekt\u016f. P\u0159ipravujeme p\u0159ekvapen\u00ed v podob\u011b vzpom\u00ednky na jednoho \u00fa\u017easn\u00e9ho zp\u011bv\u00e1ka a jeho kapelu. V\u00edc zat\u00edm neprozdrad\u00edme \ud83d\ude42 Samoz\u0159ejm\u011b bude kapela koncertovat a v\u011bnovat se i skl\u00e1d\u00e1n\u00ed nov\u00fdch song\u016f pro Va\u0161e u\u0161i!!!<\/p><p>Rok 2024 byl op\u011bt pro kapelu zlomov\u00fd. Ode\u0161el buben\u00edk Honza Vy\u0161vard a kapela t\u00edm p\u00e1dem nem\u011bla rockovou sestavu. P\u00e1r koncert\u016f odjela jen s &#8222;akustikama&#8220; a byl vyps\u00e1n konkurz. Nejd\u0159\u00edv se nikdo neoz\u00fdval a to ani na doporu\u010den\u00ed&#8230;..tro\u0161ku prek\u00e9rn\u00ed situace :-)) Ale pak najednou se ozvali hned t\u0159i buben\u00edci. P\u0159i\u0161la f\u00e1ze zkou\u0161en\u00ed buben\u00edk\u016f a u jednoho to opravdu zajisk\u0159ilo. Alan Burda &#8211; co v\u00edc \u0159\u00edct &#8211; nov\u00e1, mlad\u00e1 krev do kapely LaSpilka. S aLanem m\u00e1me zasebou prvn\u00ed koncert a t\u011b\u0161\u00edme se na dal\u0161\u00ed. Je to radost!!!! Hned, aby mu to nebylo l\u00edto jsme s Alanem nato\u010dili Videoklip k nov\u00e9 p\u00edsni &#8222;L\u00e1ska&#8220;, kter\u00e1 vznikla na po\u010dest kapely Narvan. V srpnu chyst\u00e1me studio s nov\u00fdm singlem. No mysl\u00edme si, \u017ee se m\u00e1te op\u011bt na co t\u011b\u0161it.<\/p><p>Tak a je to tady!!! Cht\u011bli jsme trochu rozv\u00fd\u0159it vody nov\u00fdm singlem a to se povedlo. Koncem srpna jsme na to\u010dili nov\u00fd singl v TdB studiu. Z\u00e1rove\u0148 to byla na\u0161e studiov\u00e1 premi\u00e9ra s nov\u00fdm buben\u00edkem Alanem a mus\u00edme \u0159\u00edct, \u017ee neni jenom &#8222;ko\u010di\u010d\u00e1k&#8220;, ale i skv\u011bl\u00fd studiov\u00fd hr\u00e1\u010d. Vznikla kontroverzn\u00ed p\u00edse\u0148 &#8222;Po\u0161etilost mocn\u00fdch&#8220;, kter\u00e1 je spojen\u00edm energick\u00e9ho punku s hardcorov\u00fdmi a rockov\u00fdmi prvky, prost\u011b odkaz stylu, kter\u00fd kapela LaSpilka m\u00e1 (cross\u00b4n roll). Proto\u017ee se sna\u017e\u00edme b\u00fdt aktivn\u00ed k vyd\u00e1v\u00e1n\u00ed nov\u00e9 tvorby, tak jsme si hned nato\u010dili videoklip v MC Studios u Teplic. Klip jsme ud\u011blali ve spolupr\u00e1ci s \u00fa\u017easn\u00fdm\u00a0<a style=\"text-align: var(--text-align); letter-spacing: var(--bodyletterspacing); text-transform: var(--bodytexttransform); list-style: none; margin: 0px; border-style: none; padding: 0px; border-width: 0px; outline: none; -webkit-tap-highlight-color: transparent; font-weight: 600; touch-action: manipulation; background-color: #242526; display: inline; font-family: 'Segoe UI Historic', 'Segoe UI', Helvetica, Arial, sans-serif; font-size: 15px; animation-name: none !important; transition-property: none !important;\" tabindex=\"0\" role=\"link\" href=\"https:\/\/www.facebook.com\/markoartproduction\"><span style=\"display: inline; animation-name: none !important; transition-property: none !important; font-family: inherit;\">MarKo Art Production<\/span><\/a>\u00a0(\u010desko\/polsk\u00e1 produkce).<\/p><p>Rok 2025<\/p><p>To byl pro kapelu rok koncertov\u00e1n\u00ed a pohody. Vznikl p\u00e1r nov\u00fdch p\u00edsn\u00ed. O pr\u00e1zdnin\u00e1ch jsme dostali pro kapelu smutnou zpr\u00e1cu a to, \u017ee n\u00e1m ode\u0161el n\u00e1\u0161 buben\u00edk Alan. Kapela, ale v j\u00e1dru z\u016fstala funk\u010dn\u00ed a i p\u0159es tyto lehk\u00e9 p\u0159ek\u00e1\u017eky se oklepala Nov\u00fdm klipem a novou bubenic\u00ed Jenny Joey. Rok se ch\u00fdlil k z\u00e1v\u011bru a p\u0159es op\u011btovn\u00fd start se kapela rozhodla vz\u00edt si nov\u00fd n\u00e1zev a zna\u010dku &#8222;LSP&#8220;. Tak\u017ee &#8222;rocku&#8220; 2026 m\u016f\u017ee\u0161 se t\u011b\u0161it!!!!<\/p><p>2026<\/p><p>Zat\u00edm zkou\u0161\u00edme a p\u0159ipravujeme se na sez\u00f3nu koncertov\u00e1n\u00ed s novou bubenic\u00ed a p\u0159\u00edprav\u00e1ch nov\u00fdch p\u00edsn\u00ed&#8230;.bude nov\u00e1 deska??? Uvid\u00edme \ud83d\ude42<\/p>\t\t\t\t\t\t\t\t<\/div>\n\t\t\t\t<\/div>\n\t\t\t\t\t<\/div>\n\t\t\t\t<\/div>\n\t\t<div class=\"elementor-element elementor-element-993e40b e-flex e-con-boxed e-con e-parent\" data-id=\"993e40b\" data-element_type=\"container\" data-e-type=\"container\">\n\t\t\t\t\t<div class=\"e-con-inner\">\n\t\t\t\t<div class=\"elementor-element elementor-element-fc54d9f elementor-widget elementor-widget-image\" data-id=\"fc54d9f\" data-element_type=\"widget\" data-e-type=\"widget\" data-widget_type=\"image.default\">\n\t\t\t\t<div class=\"elementor-widget-container\">\n\t\t\t\t\t\t\t\t\t\t\t\t\t\t\t<img loading=\"lazy\" decoding=\"async\" width=\"1024\" height=\"682\" src=\"https:\/\/www.laspilka.cz\/wp-content\/uploads\/2024\/10\/P1160042-1024x682.jpg\" class=\"attachment-large size-large wp-image-932\" alt=\"\" srcset=\"https:\/\/www.laspilka.cz\/wp-content\/uploads\/2024\/10\/P1160042-1024x682.jpg 1024w, https:\/\/www.laspilka.cz\/wp-content\/uploads\/2024\/10\/P1160042-300x200.jpg 300w, https:\/\/www.laspilka.cz\/wp-content\/uploads\/2024\/10\/P1160042-768x512.jpg 768w, https:\/\/www.laspilka.cz\/wp-content\/uploads\/2024\/10\/P1160042-930x620.jpg 930w, https:\/\/www.laspilka.cz\/wp-content\/uploads\/2024\/10\/P1160042.jpg 1225w\" sizes=\"(max-width: 1024px) 100vw, 1024px\" \/>\t\t\t\t\t\t\t\t\t\t\t\t\t\t\t<\/div>\n\t\t\t\t<\/div>\n\t\t\t\t\t<\/div>\n\t\t\t\t<\/div>\n\t\t<div class=\"elementor-element elementor-element-2174c83 e-flex e-con-boxed e-con e-parent\" data-id=\"2174c83\" data-element_type=\"container\" data-e-type=\"container\">\n\t\t\t\t\t<div class=\"e-con-inner\">\n\t\t\t\t<div class=\"elementor-element elementor-element-5994906 elementor-widget elementor-widget-image\" data-id=\"5994906\" data-element_type=\"widget\" data-e-type=\"widget\" data-widget_type=\"image.default\">\n\t\t\t\t<div class=\"elementor-widget-container\">\n\t\t\t\t\t\t\t\t\t\t\t\t\t\t\t<img loading=\"lazy\" decoding=\"async\" width=\"682\" height=\"1024\" src=\"https:\/\/www.laspilka.cz\/wp-content\/uploads\/2024\/10\/P1160075-682x1024.jpg\" class=\"attachment-large size-large wp-image-935\" alt=\"\" srcset=\"https:\/\/www.laspilka.cz\/wp-content\/uploads\/2024\/10\/P1160075-682x1024.jpg 682w, https:\/\/www.laspilka.cz\/wp-content\/uploads\/2024\/10\/P1160075-200x300.jpg 200w, https:\/\/www.laspilka.cz\/wp-content\/uploads\/2024\/10\/P1160075-768x1153.jpg 768w, https:\/\/www.laspilka.cz\/wp-content\/uploads\/2024\/10\/P1160075.jpg 816w\" sizes=\"(max-width: 682px) 100vw, 682px\" \/>\t\t\t\t\t\t\t\t\t\t\t\t\t\t\t<\/div>\n\t\t\t\t<\/div>\n\t\t\t\t\t<\/div>\n\t\t\t\t<\/div>\n\t\t\t\t<\/div>\n\t\t","protected":false},"excerpt":{"rendered":"<p>O kapele L\u00e1\u010fa Spilka &#8211; zp\u011bv Jan B\u00e1rta &#8222;B\u00e1r\u0165os69&#8220; &#8211; kytary, vok\u00e1ly Jenny Joey &#8211; bic\u00ed\u00a0 Tom\u00e1\u0161 Kodytek &#8211; baskytara, vok\u00e1ly Kapela LaSpilka \u00a0\u00a0\u00a0\u00a0\u00a0\u00a0\u00a0\u00a0\u00a0\u00a0\u00a0\u00a0\u00a0\u00a0 Prvotn\u00ed n\u00e1pad vzniku kapely \u201eLaSpilka\u201c u\u010dinil tehdej\u0161\u00ed za\u010d\u00ednaj\u00edc\u00ed muzik\u00e1lov\u00fd zp\u011bv\u00e1k L\u00e1\u010fa Spilka n\u011bkdy na ja\u0159e roku 2007. Cht\u011bl si ud\u011blat s\u00f3lov\u00e9 album s\u00a0jeho ojedin\u011bl\u00fdm chraplav\u00fdm hlasem. Tehdy se jeho \u00famyslu chytili&hellip;&nbsp;<a href=\"https:\/\/www.laspilka.cz\/?page_id=54\" class=\"\" rel=\"bookmark\">\u010c\u00edst d\u00e1le &raquo;<span class=\"screen-reader-text\">O kapele<\/span><\/a><\/p>\n","protected":false},"author":1,"featured_media":0,"parent":0,"menu_order":0,"comment_status":"closed","ping_status":"closed","template":"page-templates\/template-pagebuilder-full-width.php","meta":{"neve_meta_sidebar":"","neve_meta_container":"","neve_meta_enable_content_width":"","neve_meta_content_width":0,"neve_meta_title_alignment":"","neve_meta_author_avatar":"","neve_post_elements_order":"","neve_meta_disable_header":"","neve_meta_disable_footer":"","neve_meta_disable_title":"","ngg_post_thumbnail":0,"footnotes":""},"class_list":["post-54","page","type-page","status-publish","hentry"],"_links":{"self":[{"href":"https:\/\/www.laspilka.cz\/index.php?rest_route=\/wp\/v2\/pages\/54","targetHints":{"allow":["GET"]}}],"collection":[{"href":"https:\/\/www.laspilka.cz\/index.php?rest_route=\/wp\/v2\/pages"}],"about":[{"href":"https:\/\/www.laspilka.cz\/index.php?rest_route=\/wp\/v2\/types\/page"}],"author":[{"embeddable":true,"href":"https:\/\/www.laspilka.cz\/index.php?rest_route=\/wp\/v2\/users\/1"}],"replies":[{"embeddable":true,"href":"https:\/\/www.laspilka.cz\/index.php?rest_route=%2Fwp%2Fv2%2Fcomments&post=54"}],"version-history":[{"count":55,"href":"https:\/\/www.laspilka.cz\/index.php?rest_route=\/wp\/v2\/pages\/54\/revisions"}],"predecessor-version":[{"id":1109,"href":"https:\/\/www.laspilka.cz\/index.php?rest_route=\/wp\/v2\/pages\/54\/revisions\/1109"}],"wp:attachment":[{"href":"https:\/\/www.laspilka.cz\/index.php?rest_route=%2Fwp%2Fv2%2Fmedia&parent=54"}],"curies":[{"name":"wp","href":"https:\/\/api.w.org\/{rel}","templated":true}]}}