{"id":590,"date":"2024-02-16T12:45:12","date_gmt":"2024-02-16T11:45:12","guid":{"rendered":"https:\/\/www.laspilka.cz\/?page_id=590"},"modified":"2026-02-14T18:41:08","modified_gmt":"2026-02-14T17:41:08","slug":"kalendar","status":"publish","type":"page","link":"https:\/\/www.laspilka.cz\/?page_id=590","title":{"rendered":"Kalend\u00e1\u0159"},"content":{"rendered":"\t\t<div data-elementor-type=\"wp-page\" data-elementor-id=\"590\" class=\"elementor elementor-590\">\n\t\t\t\t<div class=\"elementor-element elementor-element-844f2cf e-flex e-con-boxed e-con e-parent\" data-id=\"844f2cf\" data-element_type=\"container\" data-e-type=\"container\">\n\t\t\t\t\t<div class=\"e-con-inner\">\n\t\t\t\t<div class=\"elementor-element elementor-element-9748e5c elementor-widget elementor-widget-heading\" data-id=\"9748e5c\" data-element_type=\"widget\" data-e-type=\"widget\" data-widget_type=\"heading.default\">\n\t\t\t\t<div class=\"elementor-widget-container\">\n\t\t\t\t\t<h2 class=\"elementor-heading-title elementor-size-default\">Kalend\u00e1\u0159 akc\u00ed<\/h2>\t\t\t\t<\/div>\n\t\t\t\t<\/div>\n\t\t\t\t\t<\/div>\n\t\t\t\t<\/div>\n\t\t<div class=\"elementor-element elementor-element-6ec0548 e-flex e-con-boxed e-con e-parent\" data-id=\"6ec0548\" data-element_type=\"container\" data-e-type=\"container\">\n\t\t\t\t\t<div class=\"e-con-inner\">\n\t\t<div class=\"elementor-element elementor-element-75ec872 e-con-full e-flex e-con e-child\" data-id=\"75ec872\" data-element_type=\"container\" data-e-type=\"container\">\n\t\t\t\t<\/div>\n\t\t<div class=\"elementor-element elementor-element-c920df9 e-con-full e-flex e-con e-child\" data-id=\"c920df9\" data-element_type=\"container\" data-e-type=\"container\">\n\t\t\t\t<\/div>\n\t\t\t\t<div class=\"elementor-element elementor-element-cbc0a44 elementor-widget elementor-widget-image\" data-id=\"cbc0a44\" data-element_type=\"widget\" data-e-type=\"widget\" data-widget_type=\"image.default\">\n\t\t\t\t<div class=\"elementor-widget-container\">\n\t\t\t\t\t\t\t\t\t\t\t\t\t\t\t<img fetchpriority=\"high\" decoding=\"async\" width=\"719\" height=\"1024\" src=\"https:\/\/www.laspilka.cz\/wp-content\/uploads\/2026\/02\/KONCERT-1-05-2026-Ponorka-Pardubice-719x1024.jpg\" class=\"attachment-large size-large wp-image-1111\" alt=\"\" srcset=\"https:\/\/www.laspilka.cz\/wp-content\/uploads\/2026\/02\/KONCERT-1-05-2026-Ponorka-Pardubice-719x1024.jpg 719w, https:\/\/www.laspilka.cz\/wp-content\/uploads\/2026\/02\/KONCERT-1-05-2026-Ponorka-Pardubice-211x300.jpg 211w, https:\/\/www.laspilka.cz\/wp-content\/uploads\/2026\/02\/KONCERT-1-05-2026-Ponorka-Pardubice-768x1094.jpg 768w, https:\/\/www.laspilka.cz\/wp-content\/uploads\/2026\/02\/KONCERT-1-05-2026-Ponorka-Pardubice-1078x1536.jpg 1078w, https:\/\/www.laspilka.cz\/wp-content\/uploads\/2026\/02\/KONCERT-1-05-2026-Ponorka-Pardubice-1438x2048.jpg 1438w, https:\/\/www.laspilka.cz\/wp-content\/uploads\/2026\/02\/KONCERT-1-05-2026-Ponorka-Pardubice-scaled.jpg 1797w\" sizes=\"(max-width: 719px) 100vw, 719px\" \/>\t\t\t\t\t\t\t\t\t\t\t\t\t\t\t<\/div>\n\t\t\t\t<\/div>\n\t\t\t\t\t<\/div>\n\t\t\t\t<\/div>\n\t\t<div class=\"elementor-element elementor-element-c246af7 e-grid e-con-boxed e-con e-parent\" data-id=\"c246af7\" data-element_type=\"container\" data-e-type=\"container\">\n\t\t\t\t\t<div class=\"e-con-inner\">\n\t\t\t\t<div class=\"elementor-element elementor-element-2ca9acc elementor-widget elementor-widget-image\" data-id=\"2ca9acc\" data-element_type=\"widget\" data-e-type=\"widget\" data-widget_type=\"image.default\">\n\t\t\t\t<div class=\"elementor-widget-container\">\n\t\t\t\t\t\t\t\t\t\t\t\t\t\t\t<img decoding=\"async\" width=\"726\" height=\"1024\" src=\"https:\/\/www.laspilka.cz\/wp-content\/uploads\/2026\/01\/KONCERT-11-04-2026-Willax-club2-726x1024.jpg\" class=\"attachment-large size-large wp-image-1099\" alt=\"\" srcset=\"https:\/\/www.laspilka.cz\/wp-content\/uploads\/2026\/01\/KONCERT-11-04-2026-Willax-club2-726x1024.jpg 726w, https:\/\/www.laspilka.cz\/wp-content\/uploads\/2026\/01\/KONCERT-11-04-2026-Willax-club2-213x300.jpg 213w, https:\/\/www.laspilka.cz\/wp-content\/uploads\/2026\/01\/KONCERT-11-04-2026-Willax-club2-768x1084.jpg 768w, https:\/\/www.laspilka.cz\/wp-content\/uploads\/2026\/01\/KONCERT-11-04-2026-Willax-club2-1089x1536.jpg 1089w, https:\/\/www.laspilka.cz\/wp-content\/uploads\/2026\/01\/KONCERT-11-04-2026-Willax-club2-1451x2048.jpg 1451w, https:\/\/www.laspilka.cz\/wp-content\/uploads\/2026\/01\/KONCERT-11-04-2026-Willax-club2-scaled.jpg 1814w\" sizes=\"(max-width: 726px) 100vw, 726px\" \/>\t\t\t\t\t\t\t\t\t\t\t\t\t\t\t<\/div>\n\t\t\t\t<\/div>\n\t\t\t\t<div class=\"elementor-element elementor-element-fd43caa elementor-widget elementor-widget-image\" data-id=\"fd43caa\" data-element_type=\"widget\" data-e-type=\"widget\" data-widget_type=\"image.default\">\n\t\t\t\t<div class=\"elementor-widget-container\">\n\t\t\t\t\t\t\t\t\t\t\t\t\t\t\t<img decoding=\"async\" width=\"726\" height=\"1024\" src=\"https:\/\/www.laspilka.cz\/wp-content\/uploads\/2026\/01\/Koncert-25-04-2026-Club-Prdel-726x1024.jpg\" class=\"attachment-large size-large wp-image-1067\" alt=\"\" srcset=\"https:\/\/www.laspilka.cz\/wp-content\/uploads\/2026\/01\/Koncert-25-04-2026-Club-Prdel-726x1024.jpg 726w, https:\/\/www.laspilka.cz\/wp-content\/uploads\/2026\/01\/Koncert-25-04-2026-Club-Prdel-213x300.jpg 213w, https:\/\/www.laspilka.cz\/wp-content\/uploads\/2026\/01\/Koncert-25-04-2026-Club-Prdel-768x1083.jpg 768w, https:\/\/www.laspilka.cz\/wp-content\/uploads\/2026\/01\/Koncert-25-04-2026-Club-Prdel-1089x1536.jpg 1089w, https:\/\/www.laspilka.cz\/wp-content\/uploads\/2026\/01\/Koncert-25-04-2026-Club-Prdel-1452x2048.jpg 1452w, https:\/\/www.laspilka.cz\/wp-content\/uploads\/2026\/01\/Koncert-25-04-2026-Club-Prdel-scaled.jpg 1815w\" sizes=\"(max-width: 726px) 100vw, 726px\" \/>\t\t\t\t\t\t\t\t\t\t\t\t\t\t\t<\/div>\n\t\t\t\t<\/div>\n\t\t\t\t\t<\/div>\n\t\t\t\t<\/div>\n\t\t<div class=\"elementor-element elementor-element-35da443 e-flex e-con-boxed e-con e-parent\" data-id=\"35da443\" data-element_type=\"container\" data-e-type=\"container\">\n\t\t\t\t\t<div class=\"e-con-inner\">\n\t\t\t\t<div class=\"elementor-element elementor-element-e382fd3 elementor-widget elementor-widget-text-editor\" data-id=\"e382fd3\" data-element_type=\"widget\" data-e-type=\"widget\" data-widget_type=\"text-editor.default\">\n\t\t\t\t<div class=\"elementor-widget-container\">\n\t\t\t\t\t\t\t\t\t<p>11.4.2026 &#8211; LSP + Torrax -WILLAX CLUB, MLAD\u00c1 BOLESLAV &#8211; 19:00h<\/p>\t\t\t\t\t\t\t\t<\/div>\n\t\t\t\t<\/div>\n\t\t\t\t\t<\/div>\n\t\t\t\t<\/div>\n\t\t<div class=\"elementor-element elementor-element-af98f1d e-flex e-con-boxed e-con e-parent\" data-id=\"af98f1d\" data-element_type=\"container\" data-e-type=\"container\">\n\t\t\t\t\t<div class=\"e-con-inner\">\n\t\t\t\t<div class=\"elementor-element elementor-element-074a661 elementor-widget elementor-widget-text-editor\" data-id=\"074a661\" data-element_type=\"widget\" data-e-type=\"widget\" data-widget_type=\"text-editor.default\">\n\t\t\t\t<div class=\"elementor-widget-container\">\n\t\t\t\t\t\t\t\t\t<p>25.4.2026 &#8211; LSP + Torrax &#8211; hudebn\u00ed club Prdel &#8211; Beroun &#8211; 19:00h<\/p>\t\t\t\t\t\t\t\t<\/div>\n\t\t\t\t<\/div>\n\t\t\t\t\t<\/div>\n\t\t\t\t<\/div>\n\t\t<div class=\"elementor-element elementor-element-195e6a8 e-flex e-con-boxed e-con e-parent\" data-id=\"195e6a8\" data-element_type=\"container\" data-e-type=\"container\">\n\t\t\t\t\t<div class=\"e-con-inner\">\n\t\t\t\t<div class=\"elementor-element elementor-element-d0046cd elementor-widget elementor-widget-text-editor\" data-id=\"d0046cd\" data-element_type=\"widget\" data-e-type=\"widget\" data-widget_type=\"text-editor.default\">\n\t\t\t\t<div class=\"elementor-widget-container\">\n\t\t\t\t\t\t\t\t\t<p>1.5.2026 &#8211; LSP + Torrax &#8211; RC PONORKA &#8211; Pardubice &#8211; 19:00h<\/p>\t\t\t\t\t\t\t\t<\/div>\n\t\t\t\t<\/div>\n\t\t\t\t\t<\/div>\n\t\t\t\t<\/div>\n\t\t<div class=\"elementor-element elementor-element-004fd73 e-flex e-con-boxed e-con e-parent\" data-id=\"004fd73\" data-element_type=\"container\" data-e-type=\"container\">\n\t\t\t\t\t<div class=\"e-con-inner\">\n\t\t\t\t<div class=\"elementor-element elementor-element-afaa21b elementor-widget elementor-widget-text-editor\" data-id=\"afaa21b\" data-element_type=\"widget\" data-e-type=\"widget\" data-widget_type=\"text-editor.default\">\n\t\t\t\t<div class=\"elementor-widget-container\">\n\t\t\t\t\t\t\t\t\t<p>9.5.2026 &#8211; LSP &#8211; BOXING ON THE RIVER &#8211; NYMBURK &#8211; 18:00h<\/p>\t\t\t\t\t\t\t\t<\/div>\n\t\t\t\t<\/div>\n\t\t\t\t<div class=\"elementor-element elementor-element-5bd2117 elementor-widget elementor-widget-text-editor\" data-id=\"5bd2117\" data-element_type=\"widget\" data-e-type=\"widget\" data-widget_type=\"text-editor.default\">\n\t\t\t\t<div class=\"elementor-widget-container\">\n\t\t\t\t\t\t\t\t\t<p>18.7.2026 &#8211; LSP &#8211; SUDOFEST<\/p>\t\t\t\t\t\t\t\t<\/div>\n\t\t\t\t<\/div>\n\t\t\t\t\t<\/div>\n\t\t\t\t<\/div>\n\t\t<div class=\"elementor-element elementor-element-e25feb5 e-flex e-con-boxed e-con e-parent\" data-id=\"e25feb5\" data-element_type=\"container\" data-e-type=\"container\">\n\t\t\t\t\t<div class=\"e-con-inner\">\n\t\t\t\t\t<\/div>\n\t\t\t\t<\/div>\n\t\t<div class=\"elementor-element elementor-element-53d6b3f e-flex e-con-boxed e-con e-parent\" data-id=\"53d6b3f\" data-element_type=\"container\" data-e-type=\"container\">\n\t\t\t\t\t<div class=\"e-con-inner\">\n\t\t\t\t\t<\/div>\n\t\t\t\t<\/div>\n\t\t\t\t<\/div>\n\t\t","protected":false},"excerpt":{"rendered":"<p>Kalend\u00e1\u0159 akc\u00ed 11.4.2026 &#8211; LSP + Torrax -WILLAX CLUB, MLAD\u00c1 BOLESLAV &#8211; 19:00h 25.4.2026 &#8211; LSP + Torrax &#8211; hudebn\u00ed club Prdel &#8211; Beroun &#8211; 19:00h 1.5.2026 &#8211; LSP + Torrax &#8211; RC PONORKA &#8211; Pardubice &#8211; 19:00h 9.5.2026 &#8211; LSP &#8211; BOXING ON THE RIVER &#8211; NYMBURK &#8211; 18:00h 18.7.2026 &#8211; LSP &#8211; SUDOFEST<\/p>\n","protected":false},"author":1,"featured_media":0,"parent":0,"menu_order":0,"comment_status":"closed","ping_status":"closed","template":"page-templates\/template-pagebuilder-full-width.php","meta":{"neve_meta_sidebar":"","neve_meta_container":"","neve_meta_enable_content_width":"","neve_meta_content_width":0,"neve_meta_title_alignment":"","neve_meta_author_avatar":"","neve_post_elements_order":"","neve_meta_disable_header":"","neve_meta_disable_footer":"","neve_meta_disable_title":"","ngg_post_thumbnail":0,"footnotes":""},"class_list":["post-590","page","type-page","status-publish","hentry"],"_links":{"self":[{"href":"https:\/\/www.laspilka.cz\/index.php?rest_route=\/wp\/v2\/pages\/590","targetHints":{"allow":["GET"]}}],"collection":[{"href":"https:\/\/www.laspilka.cz\/index.php?rest_route=\/wp\/v2\/pages"}],"about":[{"href":"https:\/\/www.laspilka.cz\/index.php?rest_route=\/wp\/v2\/types\/page"}],"author":[{"embeddable":true,"href":"https:\/\/www.laspilka.cz\/index.php?rest_route=\/wp\/v2\/users\/1"}],"replies":[{"embeddable":true,"href":"https:\/\/www.laspilka.cz\/index.php?rest_route=%2Fwp%2Fv2%2Fcomments&post=590"}],"version-history":[{"count":25,"href":"https:\/\/www.laspilka.cz\/index.php?rest_route=\/wp\/v2\/pages\/590\/revisions"}],"predecessor-version":[{"id":1114,"href":"https:\/\/www.laspilka.cz\/index.php?rest_route=\/wp\/v2\/pages\/590\/revisions\/1114"}],"wp:attachment":[{"href":"https:\/\/www.laspilka.cz\/index.php?rest_route=%2Fwp%2Fv2%2Fmedia&parent=590"}],"curies":[{"name":"wp","href":"https:\/\/api.w.org\/{rel}","templated":true}]}}